{"id":2506,"date":"2025-08-06T07:31:09","date_gmt":"2025-08-06T07:31:09","guid":{"rendered":"https:\/\/fayhotels.com\/privacy-policy\/"},"modified":"2025-08-26T10:37:05","modified_gmt":"2025-08-26T10:37:05","slug":"privacy-policy","status":"publish","type":"page","link":"https:\/\/fayhotels.com\/en\/privacy-policy\/","title":{"rendered":"Privacy Policy"},"content":{"rendered":"\t\t<div data-elementor-type=\"wp-page\" data-elementor-id=\"2506\" class=\"elementor elementor-2506 elementor-2475\" data-elementor-post-type=\"page\">\n\t\t\t\t<div class=\"elementor-element elementor-element-fc237f5 e-con-full e-flex elementor-invisible e-con e-parent\" data-id=\"fc237f5\" data-element_type=\"container\" data-e-type=\"container\" data-settings=\"{&quot;animation&quot;:&quot;fadeIn&quot;}\">\n\t\t\t\t<div class=\"elementor-element elementor-element-bb7855f elementor-pagination-type-bullets elementor-arrows-position-inside elementor-pagination-position-outside elementor-widget elementor-widget-n-carousel\" data-id=\"bb7855f\" data-element_type=\"widget\" data-e-type=\"widget\" data-settings=\"{&quot;carousel_items&quot;:[{&quot;slide_title&quot;:&quot;Diapositiva n\\u00ba 1&quot;,&quot;_id&quot;:&quot;4052066&quot;}],&quot;slides_to_show&quot;:&quot;1&quot;,&quot;slides_to_scroll&quot;:&quot;1&quot;,&quot;image_spacing_custom&quot;:{&quot;unit&quot;:&quot;px&quot;,&quot;size&quot;:40,&quot;sizes&quot;:[]},&quot;slides_to_show_tablet&quot;:&quot;1&quot;,&quot;slides_to_show_mobile&quot;:&quot;1&quot;,&quot;speed&quot;:500,&quot;arrows&quot;:&quot;yes&quot;,&quot;pagination&quot;:&quot;bullets&quot;,&quot;image_spacing_custom_tablet&quot;:{&quot;unit&quot;:&quot;px&quot;,&quot;size&quot;:&quot;&quot;,&quot;sizes&quot;:[]},&quot;image_spacing_custom_mobile&quot;:{&quot;unit&quot;:&quot;px&quot;,&quot;size&quot;:&quot;&quot;,&quot;sizes&quot;:[]}}\" data-widget_type=\"nested-carousel.default\">\n\t\t\t\t<div class=\"elementor-widget-container\">\n\t\t\t\t\t\t\t<div class=\"e-n-carousel swiper\" role=\"region\" aria-roledescription=\"carousel\" aria-label=\"Carrusel\" dir=\"ltr\">\n\t\t\t<div class=\"swiper-wrapper\" aria-live=\"polite\">\n\t\t\t\t\t\t\t\t\t\t<div class=\"swiper-slide\" data-slide=\"1\" role=\"group\" aria-roledescription=\"slide\" aria-label=\"1 of 1\">\n\t\t\t\t\t\t\t<div class=\"elementor-element elementor-element-9c48d5b e-flex e-con-boxed e-con e-child\" data-id=\"9c48d5b\" data-element_type=\"container\" data-e-type=\"container\" data-settings=\"{&quot;background_background&quot;:&quot;slideshow&quot;,&quot;background_slideshow_gallery&quot;:[{&quot;id&quot;:1546,&quot;url&quot;:&quot;https:\\\/\\\/fayhotels.com\\\/wp-content\\\/uploads\\\/2025\\\/07\\\/hab_tv_terraza_mar.webp&quot;},{&quot;id&quot;:1547,&quot;url&quot;:&quot;https:\\\/\\\/fayhotels.com\\\/wp-content\\\/uploads\\\/2025\\\/07\\\/hombre_lobby_menu.webp&quot;},{&quot;id&quot;:1548,&quot;url&quot;:&quot;https:\\\/\\\/fayhotels.com\\\/wp-content\\\/uploads\\\/2025\\\/07\\\/lobby_vista_chiringuito.webp&quot;},{&quot;id&quot;:1549,&quot;url&quot;:&quot;https:\\\/\\\/fayhotels.com\\\/wp-content\\\/uploads\\\/2025\\\/07\\\/cama_balcon_al_mar.webp&quot;},{&quot;id&quot;:1550,&quot;url&quot;:&quot;https:\\\/\\\/fayhotels.com\\\/wp-content\\\/uploads\\\/2025\\\/07\\\/copa_fruta_vino_ventana.webp&quot;}],&quot;background_slideshow_loop&quot;:&quot;yes&quot;,&quot;background_slideshow_slide_duration&quot;:5000,&quot;background_slideshow_slide_transition&quot;:&quot;fade&quot;,&quot;background_slideshow_transition_duration&quot;:500}\">\n\t\t\t\t\t<div class=\"e-con-inner\">\n\t\t\t\t<div class=\"elementor-element elementor-element-7cce10b elementor-widget__width-initial elementor-widget elementor-widget-heading\" data-id=\"7cce10b\" data-element_type=\"widget\" data-e-type=\"widget\" data-widget_type=\"heading.default\">\n\t\t\t\t<div class=\"elementor-widget-container\">\n\t\t\t\t\t<h2 class=\"elementor-heading-title elementor-size-default\">Privacy Policy<\/h2>\t\t\t\t<\/div>\n\t\t\t\t<\/div>\n\t\t\t\t\t<\/div>\n\t\t\t\t<\/div>\n\t\t\t\t\t\t\t\t<\/div>\n\t\t\t\t\t\t\t\t<\/div>\n\t\t<\/div>\n\t\t\t\t\t\t<\/div>\n\t\t\t\t<\/div>\n\t\t\t\t<\/div>\n\t\t<div class=\"elementor-element elementor-element-b402e1a e-flex e-con-boxed e-con e-parent\" data-id=\"b402e1a\" data-element_type=\"container\" data-e-type=\"container\">\n\t\t\t\t\t<div class=\"e-con-inner\">\n\t\t\t\t<div class=\"elementor-element elementor-element-8f28964 elementor-widget elementor-widget-text-editor\" data-id=\"8f28964\" data-element_type=\"widget\" data-e-type=\"widget\" data-widget_type=\"text-editor.default\">\n\t\t\t\t<div class=\"elementor-widget-container\">\n\t\t\t\t\t\t\t\t\t<span style=\"font-weight: 400;\">This privacy policy applies to the processing of personal data of customers and\/or users of the website www.fayhotels.com, for which PAIMOSUR, S.L. is the data controller.<\/span>\n\n<b>CONFIDENTIALITY AND DATA PROTECTION<\/b>\n\n<span style=\"font-weight: 400;\">The purpose of this Privacy Policy is to provide information about your rights under REGULATION (EU) 2016\/679 OF THE EUROPEAN PARLIAMENT AND OF THE COUNCIL of 27 April 2016 on the protection of natural persons with regard to the processing of personal data and on the free movement of such data, and repealing Directive 95\/46\/EC (General Data Protection Regulation) and LO 3\/2018. Information about your personal data, in accordance with Article 13 of Section 2 of the aforementioned regulation and LO 3\/2018. <\/span>\n\n<span style=\"font-weight: 400;\">By providing us with their data, customers and\/or users declare that they have read and understand this Privacy Policy, giving their unequivocal and express consent to the processing of their personal data in accordance with the purposes and terms set out herein.<\/span>\n\n<span style=\"font-weight: 400;\">PAIMOSUR, S.L. may modify this Privacy Policy to adapt it to new legislation, case law or interpretations by the Spanish Data Protection Agency. These privacy conditions may be supplemented by the Legal Notice, Cookies Policy and General Conditions that, where applicable, are included for certain products or services, if such access involves any special provisions regarding personal data protection. <\/span>\n\n<b>BASIC INFORMATION ON DATA PROTECTION<\/b>\n<table>\n<tbody>\n<tr>\n<td colspan=\"2\"><b>BASIC INFORMATION ON DATA PROTECTION<\/b><\/td>\n<\/tr>\n<tr>\n<td><span style=\"font-weight: 400;\">Web site<\/span><\/td>\n<td><span style=\"font-weight: 400;\">www.fayhotels.com<\/span><\/td>\n<\/tr>\n<tr>\n<td><span style=\"font-weight: 400;\">Website owner<\/span><\/td>\n<td><span style=\"font-weight: 400;\">PAIMOSUR, S.L<\/span><\/td>\n<\/tr>\n<tr>\n<td><span style=\"font-weight: 400;\">Data controller<\/span><\/td>\n<td><span style=\"font-weight: 400;\">PAIMOSUR, S.L., hereinafter \u2018the company\u2019<\/span><\/td>\n<\/tr>\n<tr>\n<td><span style=\"font-weight: 400;\">Purpose<\/span><\/td>\n<td><span style=\"font-weight: 400;\">Management, study and resolution of queries made through the website<\/span>.\n\n<span style=\"font-weight: 400;\">Sending advertising for the company&#8217;s products and services<\/span>.\n\n<span style=\"font-weight: 400;\">Management of reservations.<\/span>\n\n<span style=\"font-weight: 400;\">Publication of comments on the Blog.<\/span>\n\n<span style=\"font-weight: 400;\">Management of Newsletter subscriptions.<\/span><\/td>\n<\/tr>\n<tr>\n<td><span style=\"font-weight: 400;\">Legitimacy<\/span><\/td>\n<td><span style=\"font-weight: 400;\">Consent granted by the user<\/span><\/td>\n<\/tr>\n<tr>\n<td><span style=\"font-weight: 400;\">Legal age of consent<\/span><\/td>\n<td><span style=\"font-weight: 400;\">The User certifies that they are over 14 years of age and therefore have the legal capacity necessary to give consent regarding the processing of their personal data, all in accordance with the provisions of this Privacy Policy.<\/span><\/td>\n<\/tr>\n<tr>\n<td><span style=\"font-weight: 400;\">Recipients<\/span><\/td>\n<td><span style=\"font-weight: 400;\">Data will be communicated to third parties in order to carry out the purposes described in this privacy policy. Under no circumstances will data be transferred to third parties for purposes other than those described in this document. <\/span><\/td>\n<\/tr>\n<tr>\n<td><span style=\"font-weight: 400;\">Rights<\/span><\/td>\n<td><span style=\"font-weight: 400;\">Access, rectify and delete data, as well as other rights, as explained in the additional information.<\/span><\/td>\n<\/tr>\n<\/tbody>\n<\/table>\n<b>ADDITIONAL INFORMATION ON DATA PROTECTION:<\/b>\n<ol>\n \t<li style=\"font-weight: 400;\" aria-level=\"2\"><b>&#8211; Who is the owner of this website?<\/b><\/li>\n<\/ol>\n<table>\n<tbody>\n<tr>\n<td><span style=\"font-weight: 400;\">Identity<\/span><\/td>\n<td><span style=\"font-weight: 400;\">PAIMOSUR, S.L\u2013 CIF: B-29615267<\/span><\/td>\n<\/tr>\n<tr>\n<td><span style=\"font-weight: 400;\">Registration details<\/span><\/td>\n<td><span style=\"font-weight: 400;\">Malaga Commercial Registry, volume 1424, book 337, general section, folio 183 MA-12860, 1st entry.<\/span><\/td>\n<\/tr>\n<tr>\n<td><span style=\"font-weight: 400;\">Postal address<\/span><\/td>\n<td><span style=\"font-weight: 400;\">Avda. del Golf, Urb. A\u00f1oreta Golf 29730 Rinc\u00f3n de la Victoria (M\u00e1laga). <\/span><\/td>\n<\/tr>\n<tr>\n<td><span style=\"font-weight: 400;\">Telephone<\/span><\/td>\n<td><span style=\"font-weight: 400;\">952 404 000<\/span><\/td>\n<\/tr>\n<tr>\n<td><span style=\"font-weight: 400;\">Email<\/span><\/td>\n<td><span style=\"font-weight: 400;\">administracion@anoretaresort.com<\/span><\/td>\n<\/tr>\n<\/tbody>\n<\/table>\n<ol>\n \t<li style=\"font-weight: 400;\" aria-level=\"2\"><b>&#8211; Who is responsible for processing your personal data?<\/b><\/li>\n<\/ol>\n<table>\n<tbody>\n<tr>\n<td><span style=\"font-weight: 400;\">Identity<\/span><\/td>\n<td><span style=\"font-weight: 400;\">PAIMOSUR, S.L\u2013 CIF: B-29615267<\/span><\/td>\n<\/tr>\n<tr>\n<td><span style=\"font-weight: 400;\">Registration details<\/span><\/td>\n<td><span style=\"font-weight: 400;\">Malaga Commercial Registry, volume 1424, book 337, general section, folio 183 MA-12860, 1st entry.<\/span><\/td>\n<\/tr>\n<tr>\n<td><span style=\"font-weight: 400;\">Direcci\u00f3n postal<\/span><\/td>\n<td><span style=\"font-weight: 400;\">Avda. del Golf, Urb. A\u00f1oreta Golf 29730 Rinc\u00f3n de la Victoria (M\u00e1laga). <\/span><\/td>\n<\/tr>\n<tr>\n<td><span style=\"font-weight: 400;\">Telephone<\/span><\/td>\n<td><span style=\"font-weight: 400;\">952 404 000<\/span><\/td>\n<\/tr>\n<tr>\n<td><span style=\"font-weight: 400;\">Email<\/span><\/td>\n<td><span style=\"font-weight: 400;\">administracion@anoretaresort.com<\/span><\/td>\n<\/tr>\n<\/tbody>\n<\/table>\n<ol>\n \t<li style=\"font-weight: 400;\" aria-level=\"2\"><b>&#8211; For what purpose will we process your personal data and how long will we keep it?<\/b><\/li>\n<\/ol>\n<ul>\n \t<li style=\"font-weight: 400;\" aria-level=\"1\"><span style=\"font-weight: 400;\">The company will process your personal data exclusively for specific, explicit and legitimate purposes, and it will not be processed in a manner incompatible with those purposes.<\/span><\/li>\n<\/ul>\n<table>\n<tbody>\n<tr>\n<td colspan=\"2\"><b>Purposes<\/b><\/td>\n<\/tr>\n<tr>\n<td><span style=\"font-weight: 400;\">Purpose 1: for all users<\/span><\/td>\n<td><span style=\"font-weight: 400;\">Management, study and resolution of queries made through the website<\/span><\/td>\n<\/tr>\n<tr>\n<td><span style=\"font-weight: 400;\">Purpose 2: for all users who consent to this purpose.<\/span><\/td>\n<td><span style=\"font-weight: 400;\">Sending commercial communications about the company&#8217;s products and services.<\/span><\/td>\n<\/tr>\n<tr>\n<td><span style=\"font-weight: 400;\">Purpose 3: for users who post comments on the Blog<\/span><\/td>\n<td><span style=\"font-weight: 400;\">Publication of comments.<\/span><\/td>\n<\/tr>\n<tr>\n<td><span style=\"font-weight: 400;\">Purpose 4: for users who make reservations through our website<\/span><\/td>\n<td><span style=\"font-weight: 400;\">Reservation management.<\/span><\/td>\n<\/tr>\n<tr>\n<td><span style=\"font-weight: 400;\">Purpose 5: for customers who subscribe to the newsletter<\/span><\/td>\n<td><span style=\"font-weight: 400;\">Information about the company and its activities, news of interest, and sending advertising and promotion of the company&#8217;s products and services.<\/span><\/td>\n<\/tr>\n<tr>\n<td><span style=\"font-weight: 400;\">Purpose 6: For users who register with the Club<\/span><\/td>\n<td><span style=\"font-weight: 400;\">Management of club registrations.<\/span><\/td>\n<\/tr>\n<\/tbody>\n<\/table>\n<ul>\n \t<li style=\"font-weight: 400;\" aria-level=\"1\"><span style=\"font-weight: 400;\">The company will retain your personal data for as long as necessary according to the information provided and the retention periods set out in applicable regulations.<\/span><\/li>\n<\/ul>\n<span style=\"font-weight: 400;\">PAIMOSUR, S.L. will process the personal data provided by users through the electronic forms on the website www.fayhotels.com for the purposes identified below:<\/span>\n<ol>\n \t<li style=\"font-weight: 400;\" aria-level=\"1\"><span style=\"font-weight: 400;\">Regarding the \u2018Contact Form\u2019:<\/span><\/li>\n<\/ol>\n<span style=\"font-weight: 400;\">Purpose: Management, study and resolution of queries made, subscription to the newsletter, management of requests to join the club, as well as sending commercial communications about our services, provided that the interested party has consented to the processing of their personal data for this purpose.<\/span>\n\n<span style=\"font-weight: 400;\">Legitimacy: The consent of the interested party, which may be revoked at any time.<\/span>\n<ol>\n \t<li style=\"font-weight: 400;\" aria-level=\"1\"><span style=\"font-weight: 400;\">Regarding the \u2018Reservation Form\u2019:<\/span><\/li>\n<\/ol>\n<span style=\"font-weight: 400;\">Purpose: Management of reservations made, as well as sending commercial communications about our services, provided that the interested party has consented to the processing of their personal data for this purpose.<\/span>\n\n<span style=\"font-weight: 400;\">Legitimacy: The consent of the interested party, which may be revoked at any time.<\/span>\n<ol>\n \t<li style=\"font-weight: 400;\" aria-level=\"1\"><span style=\"font-weight: 400;\">In relation to \u2018Blog Form\u2019:<\/span><\/li>\n<\/ol>\n<span style=\"font-weight: 400;\">Purpose: Publication of comments on the Blog, as well as sending commercial communications about our services, provided that the interested party has consented to the processing of their personal data for this purpose.<\/span>\n\n<span style=\"font-weight: 400;\">Legitimacy: The consent of the interested party, which may be revoked at any time.<\/span>\n<ul>\n \t<li style=\"font-weight: 400;\" aria-level=\"1\"><span style=\"font-weight: 400;\">When the data requested in the electronic forms is necessary to access specific features of the website, PAIMOSUR, S.L. will indicate that it is mandatory at the time of collecting the User&#8217;s data, and failure to provide it will mean that the corresponding request cannot be fulfilled.<\/span><\/li>\n<\/ul>\n<ol>\n \t<li style=\"font-weight: 400;\" aria-level=\"2\"><b>&#8211; To whom will your data be disclosed?<\/b><\/li>\n<\/ol>\n<span style=\"font-weight: 400;\">We inform you that we do not transfer your personal data to third parties unless legally required to do so. However, those responsible for processing data within the Company, i.e. those service providers who need to access your data in order to perform their duties, may have access to your personal data. Service providers who access your personal data are generally involved in information and technology systems. <\/span>\n<ul>\n \t<li style=\"font-weight: 400;\" aria-level=\"1\"><span style=\"font-weight: 400;\">No data transfers to third countries are planned.<\/span><\/li>\n<\/ul>\n<ol>\n \t<li style=\"font-weight: 400;\" aria-level=\"2\"><b>&#8211; What are your rights when you provide us with your data?<\/b><\/li>\n<\/ol>\n<span style=\"font-weight: 400;\">Any person has the right to obtain confirmation as to whether or not the company is processing personal data concerning them.<\/span>\n\n<span style=\"font-weight: 400;\">Specifically, you may contact the company at its postal address or at the email address provided in this document in order to exercise the following rights:<\/span>\n<ul>\n \t<li style=\"font-weight: 400;\" aria-level=\"2\"><span style=\"font-weight: 400;\">Right to request access to personal data concerning the data subject.<\/span><\/li>\n \t<li style=\"font-weight: 400;\" aria-level=\"2\"><span style=\"font-weight: 400;\">Right to request rectification or erasure.<\/span><\/li>\n \t<li style=\"font-weight: 400;\" aria-level=\"2\"><span style=\"font-weight: 400;\">Right to request the restriction of processing.<\/span><\/li>\n \t<li style=\"font-weight: 400;\" aria-level=\"2\"><span style=\"font-weight: 400;\">Right to object to processing.<\/span><\/li>\n \t<li style=\"font-weight: 400;\" aria-level=\"2\"><span style=\"font-weight: 400;\">Right to data portability.<\/span><\/li>\n<\/ul>\n<span style=\"font-weight: 400;\">You may request the forms necessary to exercise these rights by sending an email to the email address provided in this document.<\/span>\n\n<span style=\"font-weight: 400;\">Given the highly personal nature of exercising any of these rights, you must attach a copy of your identity card or equivalent supporting document to the request.<\/span>\n\n<span style=\"font-weight: 400;\">You may contact the Spanish Data Protection Agency for further information about your rights or to lodge a complaint with them, particularly if you have not obtained satisfaction in exercising your rights. All the necessary information for this can be found on the website <\/span><a href=\"https:\/\/www.aepd.es\/en\"><span style=\"font-weight: 400;\">www.agpd.es.<\/span><\/a>\n<ol>\n \t<li style=\"font-weight: 400;\" aria-level=\"2\"><b>&#8211; What security measures are in place?<\/b><\/li>\n<\/ol>\n<span style=\"font-weight: 400;\">PAIMOSUR, S.L adopts the security levels required by the GDPR appropriate to the nature of the data being processed at any given time. Notwithstanding the foregoing, the User must bear in mind that the security of the systems is not impregnable and that there may be malicious actions by third parties, although PAIMOSUR, S.L. uses all means at its disposal to prevent such actions. You can request further information about our security measures by emailing administracion@anoretaresort.com.  <\/span>\t\t\t\t\t\t\t\t<\/div>\n\t\t\t\t<\/div>\n\t\t\t\t\t<\/div>\n\t\t\t\t<\/div>\n\t\t\t\t<\/div>\n\t\t","protected":false},"excerpt":{"rendered":"<p>Privacy Policy Privacy Policy This privacy policy applies to the processing of personal data of customers and\/or users of the website www.fayhotels.com, for which PAIMOSUR, S.L. is the data controller. CONFIDENTIALITY AND DATA PROTECTION The purpose of this Privacy Policy is to provide information about your rights under REGULATION (EU) 2016\/679 OF THE EUROPEAN PARLIAMENT [&hellip;]<\/p>\n","protected":false},"author":1,"featured_media":0,"parent":0,"menu_order":0,"comment_status":"closed","ping_status":"closed","template":"elementor_header_footer","meta":{"footnotes":""},"class_list":["post-2506","page","type-page","status-publish","hentry"],"yoast_head":"<!-- This site is optimized with the Yoast SEO plugin v27.4 - https:\/\/yoast.com\/product\/yoast-seo-wordpress\/ -->\n<title>Privacy Policy - FAY Hotels Group<\/title>\n<meta name=\"robots\" content=\"index, follow, max-snippet:-1, max-image-preview:large, max-video-preview:-1\" \/>\n<link rel=\"canonical\" href=\"https:\/\/fayhotels.com\/en\/privacy-policy\/\" \/>\n<meta property=\"og:locale\" content=\"en_US\" \/>\n<meta property=\"og:type\" content=\"article\" \/>\n<meta property=\"og:title\" content=\"Privacy Policy - FAY Hotels Group\" \/>\n<meta property=\"og:description\" content=\"Privacy Policy Privacy Policy This privacy policy applies to the processing of personal data of customers and\/or users of the website www.fayhotels.com, for which PAIMOSUR, S.L. is the data controller. CONFIDENTIALITY AND DATA PROTECTION The purpose of this Privacy Policy is to provide information about your rights under REGULATION (EU) 2016\/679 OF THE EUROPEAN PARLIAMENT [&hellip;]\" \/>\n<meta property=\"og:url\" content=\"https:\/\/fayhotels.com\/en\/privacy-policy\/\" \/>\n<meta property=\"og:site_name\" content=\"FAY Hotels Group\" \/>\n<meta property=\"article:modified_time\" content=\"2025-08-26T10:37:05+00:00\" \/>\n<meta name=\"twitter:card\" content=\"summary_large_image\" \/>\n<meta name=\"twitter:label1\" content=\"Est. reading time\" \/>\n\t<meta name=\"twitter:data1\" content=\"7 minutes\" \/>\n<script type=\"application\/ld+json\" class=\"yoast-schema-graph\">{\"@context\":\"https:\\\/\\\/schema.org\",\"@graph\":[{\"@type\":\"WebPage\",\"@id\":\"https:\\\/\\\/fayhotels.com\\\/en\\\/privacy-policy\\\/\",\"url\":\"https:\\\/\\\/fayhotels.com\\\/en\\\/privacy-policy\\\/\",\"name\":\"Privacy Policy - FAY Hotels Group\",\"isPartOf\":{\"@id\":\"https:\\\/\\\/fayhotels.com\\\/#website\"},\"datePublished\":\"2025-08-06T07:31:09+00:00\",\"dateModified\":\"2025-08-26T10:37:05+00:00\",\"breadcrumb\":{\"@id\":\"https:\\\/\\\/fayhotels.com\\\/en\\\/privacy-policy\\\/#breadcrumb\"},\"inLanguage\":\"en-US\",\"potentialAction\":[{\"@type\":\"ReadAction\",\"target\":[\"https:\\\/\\\/fayhotels.com\\\/en\\\/privacy-policy\\\/\"]}]},{\"@type\":\"BreadcrumbList\",\"@id\":\"https:\\\/\\\/fayhotels.com\\\/en\\\/privacy-policy\\\/#breadcrumb\",\"itemListElement\":[{\"@type\":\"ListItem\",\"position\":1,\"name\":\"Portada\",\"item\":\"https:\\\/\\\/fayhotels.com\\\/en\\\/\"},{\"@type\":\"ListItem\",\"position\":2,\"name\":\"Privacy Policy\"}]},{\"@type\":\"WebSite\",\"@id\":\"https:\\\/\\\/fayhotels.com\\\/#website\",\"url\":\"https:\\\/\\\/fayhotels.com\\\/\",\"name\":\"FAY Hotels Group\",\"description\":\"Hoteles en Rinc\u00f3n de la Victoria, M\u00e1laga\",\"publisher\":{\"@id\":\"https:\\\/\\\/fayhotels.com\\\/#organization\"},\"potentialAction\":[{\"@type\":\"SearchAction\",\"target\":{\"@type\":\"EntryPoint\",\"urlTemplate\":\"https:\\\/\\\/fayhotels.com\\\/?s={search_term_string}\"},\"query-input\":{\"@type\":\"PropertyValueSpecification\",\"valueRequired\":true,\"valueName\":\"search_term_string\"}}],\"inLanguage\":\"en-US\"},{\"@type\":\"Organization\",\"@id\":\"https:\\\/\\\/fayhotels.com\\\/#organization\",\"name\":\"FAY Hotels Group\",\"url\":\"https:\\\/\\\/fayhotels.com\\\/\",\"logo\":{\"@type\":\"ImageObject\",\"inLanguage\":\"en-US\",\"@id\":\"https:\\\/\\\/fayhotels.com\\\/#\\\/schema\\\/logo\\\/image\\\/\",\"url\":\"https:\\\/\\\/fayhotels.com\\\/wp-content\\\/uploads\\\/2025\\\/06\\\/LOGO-FAY-BASICO-BLANCO.png\",\"contentUrl\":\"https:\\\/\\\/fayhotels.com\\\/wp-content\\\/uploads\\\/2025\\\/06\\\/LOGO-FAY-BASICO-BLANCO.png\",\"width\":233,\"height\":233,\"caption\":\"FAY Hotels Group\"},\"image\":{\"@id\":\"https:\\\/\\\/fayhotels.com\\\/#\\\/schema\\\/logo\\\/image\\\/\"}}]}<\/script>\n<!-- \/ Yoast SEO plugin. -->","yoast_head_json":{"title":"Privacy Policy - FAY Hotels Group","robots":{"index":"index","follow":"follow","max-snippet":"max-snippet:-1","max-image-preview":"max-image-preview:large","max-video-preview":"max-video-preview:-1"},"canonical":"https:\/\/fayhotels.com\/en\/privacy-policy\/","og_locale":"en_US","og_type":"article","og_title":"Privacy Policy - FAY Hotels Group","og_description":"Privacy Policy Privacy Policy This privacy policy applies to the processing of personal data of customers and\/or users of the website www.fayhotels.com, for which PAIMOSUR, S.L. is the data controller. CONFIDENTIALITY AND DATA PROTECTION The purpose of this Privacy Policy is to provide information about your rights under REGULATION (EU) 2016\/679 OF THE EUROPEAN PARLIAMENT [&hellip;]","og_url":"https:\/\/fayhotels.com\/en\/privacy-policy\/","og_site_name":"FAY Hotels Group","article_modified_time":"2025-08-26T10:37:05+00:00","twitter_card":"summary_large_image","twitter_misc":{"Est. reading time":"7 minutes"},"schema":{"@context":"https:\/\/schema.org","@graph":[{"@type":"WebPage","@id":"https:\/\/fayhotels.com\/en\/privacy-policy\/","url":"https:\/\/fayhotels.com\/en\/privacy-policy\/","name":"Privacy Policy - FAY Hotels Group","isPartOf":{"@id":"https:\/\/fayhotels.com\/#website"},"datePublished":"2025-08-06T07:31:09+00:00","dateModified":"2025-08-26T10:37:05+00:00","breadcrumb":{"@id":"https:\/\/fayhotels.com\/en\/privacy-policy\/#breadcrumb"},"inLanguage":"en-US","potentialAction":[{"@type":"ReadAction","target":["https:\/\/fayhotels.com\/en\/privacy-policy\/"]}]},{"@type":"BreadcrumbList","@id":"https:\/\/fayhotels.com\/en\/privacy-policy\/#breadcrumb","itemListElement":[{"@type":"ListItem","position":1,"name":"Portada","item":"https:\/\/fayhotels.com\/en\/"},{"@type":"ListItem","position":2,"name":"Privacy Policy"}]},{"@type":"WebSite","@id":"https:\/\/fayhotels.com\/#website","url":"https:\/\/fayhotels.com\/","name":"FAY Hotels Group","description":"Hoteles en Rinc\u00f3n de la Victoria, M\u00e1laga","publisher":{"@id":"https:\/\/fayhotels.com\/#organization"},"potentialAction":[{"@type":"SearchAction","target":{"@type":"EntryPoint","urlTemplate":"https:\/\/fayhotels.com\/?s={search_term_string}"},"query-input":{"@type":"PropertyValueSpecification","valueRequired":true,"valueName":"search_term_string"}}],"inLanguage":"en-US"},{"@type":"Organization","@id":"https:\/\/fayhotels.com\/#organization","name":"FAY Hotels Group","url":"https:\/\/fayhotels.com\/","logo":{"@type":"ImageObject","inLanguage":"en-US","@id":"https:\/\/fayhotels.com\/#\/schema\/logo\/image\/","url":"https:\/\/fayhotels.com\/wp-content\/uploads\/2025\/06\/LOGO-FAY-BASICO-BLANCO.png","contentUrl":"https:\/\/fayhotels.com\/wp-content\/uploads\/2025\/06\/LOGO-FAY-BASICO-BLANCO.png","width":233,"height":233,"caption":"FAY Hotels Group"},"image":{"@id":"https:\/\/fayhotels.com\/#\/schema\/logo\/image\/"}}]}},"_links":{"self":[{"href":"https:\/\/fayhotels.com\/en\/wp-json\/wp\/v2\/pages\/2506","targetHints":{"allow":["GET"]}}],"collection":[{"href":"https:\/\/fayhotels.com\/en\/wp-json\/wp\/v2\/pages"}],"about":[{"href":"https:\/\/fayhotels.com\/en\/wp-json\/wp\/v2\/types\/page"}],"author":[{"embeddable":true,"href":"https:\/\/fayhotels.com\/en\/wp-json\/wp\/v2\/users\/1"}],"replies":[{"embeddable":true,"href":"https:\/\/fayhotels.com\/en\/wp-json\/wp\/v2\/comments?post=2506"}],"version-history":[{"count":7,"href":"https:\/\/fayhotels.com\/en\/wp-json\/wp\/v2\/pages\/2506\/revisions"}],"predecessor-version":[{"id":3188,"href":"https:\/\/fayhotels.com\/en\/wp-json\/wp\/v2\/pages\/2506\/revisions\/3188"}],"wp:attachment":[{"href":"https:\/\/fayhotels.com\/en\/wp-json\/wp\/v2\/media?parent=2506"}],"curies":[{"name":"wp","href":"https:\/\/api.w.org\/{rel}","templated":true}]}}