{"id":2508,"date":"2025-08-06T07:33:56","date_gmt":"2025-08-06T07:33:56","guid":{"rendered":"https:\/\/fayhotels.com\/cookies-policy\/"},"modified":"2025-08-26T10:40:51","modified_gmt":"2025-08-26T10:40:51","slug":"cookies-policy","status":"publish","type":"page","link":"https:\/\/fayhotels.com\/en\/cookies-policy\/","title":{"rendered":"Cookies Policy"},"content":{"rendered":"\t\t<div data-elementor-type=\"wp-page\" data-elementor-id=\"2508\" class=\"elementor elementor-2508 elementor-2483\" data-elementor-post-type=\"page\">\n\t\t\t\t<div class=\"elementor-element elementor-element-e5e61de e-con-full e-flex elementor-invisible e-con e-parent\" data-id=\"e5e61de\" data-element_type=\"container\" data-e-type=\"container\" data-settings=\"{&quot;animation&quot;:&quot;fadeIn&quot;}\">\n\t\t\t\t<div class=\"elementor-element elementor-element-8bc3ebd elementor-pagination-type-bullets elementor-arrows-position-inside elementor-pagination-position-outside elementor-widget elementor-widget-n-carousel\" data-id=\"8bc3ebd\" data-element_type=\"widget\" data-e-type=\"widget\" data-settings=\"{&quot;carousel_items&quot;:[{&quot;slide_title&quot;:&quot;Diapositiva n\\u00ba 1&quot;,&quot;_id&quot;:&quot;4052066&quot;}],&quot;slides_to_show&quot;:&quot;1&quot;,&quot;slides_to_scroll&quot;:&quot;1&quot;,&quot;image_spacing_custom&quot;:{&quot;unit&quot;:&quot;px&quot;,&quot;size&quot;:40,&quot;sizes&quot;:[]},&quot;slides_to_show_tablet&quot;:&quot;1&quot;,&quot;slides_to_show_mobile&quot;:&quot;1&quot;,&quot;speed&quot;:500,&quot;arrows&quot;:&quot;yes&quot;,&quot;pagination&quot;:&quot;bullets&quot;,&quot;image_spacing_custom_tablet&quot;:{&quot;unit&quot;:&quot;px&quot;,&quot;size&quot;:&quot;&quot;,&quot;sizes&quot;:[]},&quot;image_spacing_custom_mobile&quot;:{&quot;unit&quot;:&quot;px&quot;,&quot;size&quot;:&quot;&quot;,&quot;sizes&quot;:[]}}\" data-widget_type=\"nested-carousel.default\">\n\t\t\t\t<div class=\"elementor-widget-container\">\n\t\t\t\t\t\t\t<div class=\"e-n-carousel swiper\" role=\"region\" aria-roledescription=\"carousel\" aria-label=\"Carrusel\" dir=\"ltr\">\n\t\t\t<div class=\"swiper-wrapper\" aria-live=\"polite\">\n\t\t\t\t\t\t\t\t\t\t<div class=\"swiper-slide\" data-slide=\"1\" role=\"group\" aria-roledescription=\"slide\" aria-label=\"1 of 1\">\n\t\t\t\t\t\t\t<div class=\"elementor-element elementor-element-905df7f e-flex e-con-boxed e-con e-child\" data-id=\"905df7f\" data-element_type=\"container\" data-e-type=\"container\" data-settings=\"{&quot;background_background&quot;:&quot;slideshow&quot;,&quot;background_slideshow_gallery&quot;:[{&quot;id&quot;:1546,&quot;url&quot;:&quot;https:\\\/\\\/fayhotels.com\\\/wp-content\\\/uploads\\\/2025\\\/07\\\/hab_tv_terraza_mar.webp&quot;},{&quot;id&quot;:1547,&quot;url&quot;:&quot;https:\\\/\\\/fayhotels.com\\\/wp-content\\\/uploads\\\/2025\\\/07\\\/hombre_lobby_menu.webp&quot;},{&quot;id&quot;:1548,&quot;url&quot;:&quot;https:\\\/\\\/fayhotels.com\\\/wp-content\\\/uploads\\\/2025\\\/07\\\/lobby_vista_chiringuito.webp&quot;},{&quot;id&quot;:1549,&quot;url&quot;:&quot;https:\\\/\\\/fayhotels.com\\\/wp-content\\\/uploads\\\/2025\\\/07\\\/cama_balcon_al_mar.webp&quot;},{&quot;id&quot;:1550,&quot;url&quot;:&quot;https:\\\/\\\/fayhotels.com\\\/wp-content\\\/uploads\\\/2025\\\/07\\\/copa_fruta_vino_ventana.webp&quot;}],&quot;background_slideshow_loop&quot;:&quot;yes&quot;,&quot;background_slideshow_slide_duration&quot;:5000,&quot;background_slideshow_slide_transition&quot;:&quot;fade&quot;,&quot;background_slideshow_transition_duration&quot;:500}\">\n\t\t\t\t\t<div class=\"e-con-inner\">\n\t\t\t\t<div class=\"elementor-element elementor-element-979d9d1 elementor-widget__width-initial elementor-widget elementor-widget-heading\" data-id=\"979d9d1\" data-element_type=\"widget\" data-e-type=\"widget\" data-widget_type=\"heading.default\">\n\t\t\t\t<div class=\"elementor-widget-container\">\n\t\t\t\t\t<h2 class=\"elementor-heading-title elementor-size-default\">Cookies Policy<\/h2>\t\t\t\t<\/div>\n\t\t\t\t<\/div>\n\t\t\t\t\t<\/div>\n\t\t\t\t<\/div>\n\t\t\t\t\t\t\t\t<\/div>\n\t\t\t\t\t\t\t\t<\/div>\n\t\t<\/div>\n\t\t\t\t\t\t<\/div>\n\t\t\t\t<\/div>\n\t\t\t\t<\/div>\n\t\t<div class=\"elementor-element elementor-element-629fd90 e-flex e-con-boxed e-con e-parent\" data-id=\"629fd90\" data-element_type=\"container\" data-e-type=\"container\">\n\t\t\t\t\t<div class=\"e-con-inner\">\n\t\t\t\t<div class=\"elementor-element elementor-element-fc6177d elementor-widget elementor-widget-text-editor\" data-id=\"fc6177d\" data-element_type=\"widget\" data-e-type=\"widget\" data-widget_type=\"text-editor.default\">\n\t\t\t\t<div class=\"elementor-widget-container\">\n\t\t\t\t\t\t\t\t\t<p><b>DEFINITION OF COOKIES.<\/b><b><br \/><\/b><span style=\"font-weight: 400;\">A cookie is a file that is downloaded to your computer when you access certain websites. Cookies allow a website, among other things, to store and retrieve information about the browsing habits of a user or his\/her computer and, depending on the information they contain and the way he\/she uses his\/her computer, they can be used to recognise the user.<\/span><\/p><p><span style=\"font-weight: 400;\">The website of PAIMOSUR, S.L uses its own and third party cookies, all in the domain \u201cfayhotels.com\u201d<\/span><span style=\"font-weight: 400;\"><br \/><\/span><span style=\"font-weight: 400;\"><br \/><\/span><b>A.- TYPES OF COOKIES.<\/b><b><br \/><\/b><span style=\"font-weight: 400;\">1.- Types of cookies, depending on the entity that manages them:<\/span><span style=\"font-weight: 400;\"><br \/><\/span><span style=\"font-weight: 400;\">a) Own Cookies: Are those that are sent to the user &#8216;s terminal equipment from a computer or domain managed by the editor himself and from which the service requested by the user is provided.<\/span><span style=\"font-weight: 400;\"><br \/><\/span><span style=\"font-weight: 400;\">b) Third Party Cookies: They are those that are sent to the user &#8216;s terminal equipment from a computer or domain that is not managed by the publisher, but by another entity that processes the data obtained through cookies.<\/span><span style=\"font-weight: 400;\"><br \/><\/span><span style=\"font-weight: 400;\">2.- Types of cookies, according to their purpose:<\/span><span style=\"font-weight: 400;\"><br \/><\/span><span style=\"font-weight: 400;\">a) Technical Cookies: Are those that allow the user to navigate through the website, platform or application and use the different options or services that exist therein.<\/span><span style=\"font-weight: 400;\"><br \/><\/span><span style=\"font-weight: 400;\">b) Analysis Cookies: They are those that allow the person responsible for them to monitor and analyse the behaviour of the users of the websites to which they are linked.<\/span><span style=\"font-weight: 400;\"><br \/><\/span><span style=\"font-weight: 400;\">c) Personalization Cookies: These cookies store information on user behaviour obtained by recording their browsing habits, which allows a specific profile to be developed to provide commercial information adapted to their tastes and preferences. They store information such as connection type, language, browsing patterns or location.<\/span><span style=\"font-weight: 400;\"><br \/><\/span><span style=\"font-weight: 400;\">d) Behavioral Advertising Cookies: They are those that store information on user behavior obtained through continuous observation of their browsing habits, which allows the development of a specific profile to display advertising based on it.<\/span><span style=\"font-weight: 400;\"><br \/><\/span><span style=\"font-weight: 400;\">3.- Types of cookies, according to the length of time they remain activated:<\/span><span style=\"font-weight: 400;\"><br \/><\/span><span style=\"font-weight: 400;\">a) Session Cookies: They are designed to collect and store data while the user accesses a web page. They are usually used to provide the service requested by the user on a single occasion.<\/span><span style=\"font-weight: 400;\"><br \/><\/span><span style=\"font-weight: 400;\">b) Persistent Cookies: They are designed so that the data remains stored in the terminal and can be accessed and processed during a period defined by the person responsible for the cookie, which can range from a few minutes to several years.<\/span><\/p><table><tbody><tr><td><p><b><i>NAME COOKIE<\/i><\/b><\/p><\/td><td><p><b><i>TYPE OF COOKIE<\/i><\/b><\/p><\/td><td><p><b><i>DESCRIPTION<\/i><\/b><\/p><\/td><td><p><b><i>CADUCITY<\/i><\/b><\/p><\/td><td>\u00a0<\/td><\/tr><tr><td rowspan=\"3\"><p><span style=\"font-weight: 400;\">Cookie_alerta<\/span><\/p><\/td><td rowspan=\"3\"><p><span style=\"font-weight: 400;\">Propia<\/span><\/p><\/td><td rowspan=\"3\"><p><span style=\"font-weight: 400;\">duraci\u00f3n de la sesi\u00f3n actual<\/span><\/p><\/td><td rowspan=\"3\"><p><span style=\"font-weight: 400;\">Mostrar aviso de cookie una sola vez por sesi\u00f3n<\/span><\/p><\/td><td>\u00a0<\/td><\/tr><tr><td>\u00a0<\/td><\/tr><tr><td>\u00a0<\/td><\/tr><tr><td rowspan=\"3\"><p><span style=\"font-weight: 400;\">popup_faldon<\/span><\/p><\/td><td rowspan=\"3\"><p><span style=\"font-weight: 400;\">Propia<\/span><\/p><\/td><td rowspan=\"3\"><p><span style=\"font-weight: 400;\">duraci\u00f3n de la sesi\u00f3n actual<\/span><\/p><\/td><td rowspan=\"3\"><p><span style=\"font-weight: 400;\">Mostrar popup oferta una sola vez por sesi\u00f3n (s\u00f3lo cuando hay popup de ofertas)<\/span><\/p><\/td><td>\u00a0<\/td><\/tr><tr><td>\u00a0<\/td><\/tr><tr><td>\u00a0<\/td><\/tr><tr><td rowspan=\"3\"><p><span style=\"font-weight: 400;\">_utma<\/span><\/p><\/td><td rowspan=\"3\"><p><span style=\"font-weight: 400;\">Anal\u00edtica de Google<\/span><\/p><\/td><td rowspan=\"3\"><p><span style=\"font-weight: 400;\">2 a\u00f1os<\/span><\/p><\/td><td rowspan=\"3\"><p><span style=\"font-weight: 400;\">Usada para diferenciar entre usuarios y sesiones.<\/span><\/p><\/td><td>\u00a0<\/td><\/tr><tr><td>\u00a0<\/td><\/tr><tr><td>\u00a0<\/td><\/tr><tr><td rowspan=\"3\"><p><span style=\"font-weight: 400;\">_utmb<\/span><\/p><\/td><td rowspan=\"3\"><p><span style=\"font-weight: 400;\">Anal\u00edtica de Google<\/span><\/p><\/td><td rowspan=\"3\"><p><span style=\"font-weight: 400;\">10 minutos desde la creaci\u00f3n o modificaci\u00f3n<\/span><\/p><\/td><td rowspan=\"3\"><p><span style=\"font-weight: 400;\">Se usa para saber si hay una nueva sesi\u00f3n o visita.<\/span><\/p><\/td><td>\u00a0<\/td><\/tr><tr><td>\u00a0<\/td><\/tr><tr><td>\u00a0<\/td><\/tr><tr><td rowspan=\"3\"><p><span style=\"font-weight: 400;\">_utmc<\/span><\/p><\/td><td rowspan=\"3\"><p><span style=\"font-weight: 400;\">Anal\u00edtica de Google<\/span><\/p><\/td><td rowspan=\"3\"><p><span style=\"font-weight: 400;\">Al terminar la sesi\u00f3n<\/span><\/p><\/td><td rowspan=\"3\"><p><span style=\"font-weight: 400;\">Se usa para facilitar la funcionalidad con la librer\u00eda urchin.js. Anteriormente, esta cookie actuaba junto con la cookie _utmb para determinar si el usuario estaba en una nueva sesi\u00f3n o visita.<\/span><\/p><\/td><td>\u00a0<\/td><\/tr><tr><td>\u00a0<\/td><\/tr><tr><td>\u00a0<\/td><\/tr><tr><td rowspan=\"3\"><p><span style=\"font-weight: 400;\">_utmz<\/span><\/p><\/td><td rowspan=\"3\"><p><span style=\"font-weight: 400;\">Anal\u00edtica de Google<\/span><\/p><\/td><td rowspan=\"3\"><p><span style=\"font-weight: 400;\">6 meses<\/span><\/p><\/td><td rowspan=\"3\"><p><span style=\"font-weight: 400;\">Guarda el origen del tr\u00e1fico o la campa\u00f1a que explica desde donde llega el usuario hasta el sitio Web.<\/span><\/p><\/td><td>\u00a0<\/td><\/tr><tr><td>\u00a0<\/td><\/tr><tr><td>\u00a0<\/td><\/tr><tr><td rowspan=\"3\"><p><span style=\"font-weight: 400;\">_utmt<\/span><\/p><\/td><td rowspan=\"3\"><p><span style=\"font-weight: 400;\">Anal\u00edtica de Google<\/span><\/p><\/td><td rowspan=\"3\"><p><span style=\"font-weight: 400;\">Al terminar la sesi\u00f3n<\/span><\/p><\/td><td rowspan=\"3\"><p><span style=\"font-weight: 400;\">Se usa para definir el tipo de petici\u00f3n del usuario. Se emplea para establecer estad\u00edsticas de uso de las p\u00e1ginas.<\/span><\/p><\/td><td>\u00a0<\/td><\/tr><tr><td>\u00a0<\/td><\/tr><tr><td>\u00a0<\/td><\/tr><tr><td rowspan=\"3\"><p><span style=\"font-weight: 400;\">DoubleClick<\/span><\/p><\/td><td rowspan=\"3\"><p><span style=\"font-weight: 400;\">Adwords<\/span><\/p><\/td><td rowspan=\"3\"><p><span style=\"font-weight: 400;\">Al terminar la sesi\u00f3n<\/span><\/p><\/td><td rowspan=\"3\"><p><span style=\"font-weight: 400;\">Segmentar el contenido para que sea relevante para los usuarios.<\/span><\/p><\/td><td>\u00a0<\/td><\/tr><tr><td>\u00a0<\/td><\/tr><tr><td>\u00a0<\/td><\/tr><\/tbody><\/table><h2><b><i>B- COOKIE MANAGEMENT.<\/i><\/b><\/h2><p><b>1.- Why I should allow cookies?<\/b><\/p><p><span style=\"font-weight: 400;\">By enabling cookies, you can get a better experience on our website.<\/span><\/p><p><span style=\"font-weight: 400;\">In addition, there are some basic actions that require cookies (technical) and that allow the website to develop its functionalities.<\/span><\/p><p><b>2.- What happens if I block cookies?<\/b><b><br \/><\/b><span style=\"font-weight: 400;\">If you choose to block cookies, it may prevent some features of the site from working properly. This will restrict what you can do on the site.<\/span><\/p><p><span style=\"font-weight: 400;\">If you accept these limitations and decide to block cookies, please follow the instructions for your browser in the following section.<\/span><\/p><p><b>3.- How can I block or allow cookies?<\/b><\/p><p><span style=\"font-weight: 400;\">You can allow, know, block or delete the cookies installed on your computer by configuring the options of the browser installed on your computer.<\/span><\/p><p><span style=\"font-weight: 400;\">You can find information on how to do this in the case you use:<\/span><\/p><p><span style=\"font-weight: 400;\">Chrome, from<\/span><span style=\"font-weight: 400;\"><br \/><\/span><span style=\"font-weight: 400;\">http:\/\/support.google.com\/chrome\/bin\/answer.py?hl=es&amp;answer=95647<\/span><\/p><p><span style=\"font-weight: 400;\"><br \/><\/span><span style=\"font-weight: 400;\">Explorer, from<\/span><span style=\"font-weight: 400;\"><br \/><\/span><span style=\"font-weight: 400;\">http:\/\/windows.microsoft.com\/es-es\/windows7\/how-to-manage-cookies-in-internet-explorer-9<\/span><\/p><p><span style=\"font-weight: 400;\">Firefox, from<\/span><span style=\"font-weight: 400;\"><br \/><\/span><span style=\"font-weight: 400;\">https:\/\/support.mozilla.org\/es\/kb\/habilitar-y-deshabilitar-cookies-sitios-web-rastrear-preferencias<\/span><\/p><p><span style=\"font-weight: 400;\">Safari, from<\/span><span style=\"font-weight: 400;\"><br \/><\/span><span style=\"font-weight: 400;\">http:\/\/support.apple.com\/kb\/ph5042<\/span><\/p><p><span style=\"font-weight: 400;\">Opera, from<\/span><span style=\"font-weight: 400;\"><br \/><\/span><span style=\"font-weight: 400;\">http:\/\/www.opera.com\/help\/tutorials\/security\/privacy\/<\/span><\/p><p><span style=\"font-weight: 400;\"><br \/><\/span><b>PRIVACY AND DATA PROCESSING<\/b><\/p><p><span style=\"font-weight: 400;\">The COMPANY processes its personal data in accordance with the provisions of Regulation (EU) 2016\/679 of the European Parliament and of the Council of 27 April 2016 on the protection of individuals with regard to the processing of personal data and on the free movement of such data and repealing Directive 95\/46\/EC (General Data Protection Regulation) and LO 3\/2018. Information on your personal data, according to Article 13 of Section 2 of the above-mentioned Regulation and LO 3\/2018, can be found at this <\/span><a href=\"https:\/\/fayhotels.com\/en\/privacy-policy\/ )\"><span style=\"font-weight: 400;\">LINK<\/span><\/a><\/p><p><b>DATA ACCESS<\/b><\/p><p><span style=\"font-weight: 400;\">Our website &#8216;s cookies are used by:<\/span><\/p><ul><li><span style=\"font-weight: 400;\"> The owner of the website PAIMOSUR, S.L, with CIF B-29615267 and registered office in Avda. del Golf, Urb. A\u00f1oreta Golf 29730 Rinc\u00f3n de la Victoria (M\u00e1laga).<\/span><\/li><\/ul>\t\t\t\t\t\t\t\t<\/div>\n\t\t\t\t<\/div>\n\t\t\t\t\t<\/div>\n\t\t\t\t<\/div>\n\t\t\t\t<\/div>\n\t\t","protected":false},"excerpt":{"rendered":"<p>Cookies Policy Cookies Policy DEFINITION OF COOKIES.A cookie is a file that is downloaded to your computer when you access certain websites. Cookies allow a website, among other things, to store and retrieve information about the browsing habits of a user or his\/her computer and, depending on the information they contain and the way he\/she [&hellip;]<\/p>\n","protected":false},"author":1,"featured_media":0,"parent":0,"menu_order":0,"comment_status":"closed","ping_status":"closed","template":"elementor_header_footer","meta":{"footnotes":""},"class_list":["post-2508","page","type-page","status-publish","hentry"],"yoast_head":"<!-- This site is optimized with the Yoast SEO plugin v27.4 - https:\/\/yoast.com\/product\/yoast-seo-wordpress\/ -->\n<title>Cookies Policy - FAY Hotels Group<\/title>\n<meta name=\"robots\" content=\"index, follow, max-snippet:-1, max-image-preview:large, max-video-preview:-1\" \/>\n<link rel=\"canonical\" href=\"https:\/\/fayhotels.com\/en\/cookies-policy\/\" \/>\n<meta property=\"og:locale\" content=\"en_US\" \/>\n<meta property=\"og:type\" content=\"article\" \/>\n<meta property=\"og:title\" content=\"Cookies Policy - FAY Hotels Group\" \/>\n<meta property=\"og:description\" content=\"Cookies Policy Cookies Policy DEFINITION OF COOKIES.A cookie is a file that is downloaded to your computer when you access certain websites. Cookies allow a website, among other things, to store and retrieve information about the browsing habits of a user or his\/her computer and, depending on the information they contain and the way he\/she [&hellip;]\" \/>\n<meta property=\"og:url\" content=\"https:\/\/fayhotels.com\/en\/cookies-policy\/\" \/>\n<meta property=\"og:site_name\" content=\"FAY Hotels Group\" \/>\n<meta property=\"article:modified_time\" content=\"2025-08-26T10:40:51+00:00\" \/>\n<meta name=\"twitter:card\" content=\"summary_large_image\" \/>\n<meta name=\"twitter:label1\" content=\"Est. reading time\" \/>\n\t<meta name=\"twitter:data1\" content=\"4 minutes\" \/>\n<script type=\"application\/ld+json\" class=\"yoast-schema-graph\">{\"@context\":\"https:\\\/\\\/schema.org\",\"@graph\":[{\"@type\":\"WebPage\",\"@id\":\"https:\\\/\\\/fayhotels.com\\\/en\\\/cookies-policy\\\/\",\"url\":\"https:\\\/\\\/fayhotels.com\\\/en\\\/cookies-policy\\\/\",\"name\":\"Cookies Policy - FAY Hotels Group\",\"isPartOf\":{\"@id\":\"https:\\\/\\\/fayhotels.com\\\/#website\"},\"datePublished\":\"2025-08-06T07:33:56+00:00\",\"dateModified\":\"2025-08-26T10:40:51+00:00\",\"breadcrumb\":{\"@id\":\"https:\\\/\\\/fayhotels.com\\\/en\\\/cookies-policy\\\/#breadcrumb\"},\"inLanguage\":\"en-US\",\"potentialAction\":[{\"@type\":\"ReadAction\",\"target\":[\"https:\\\/\\\/fayhotels.com\\\/en\\\/cookies-policy\\\/\"]}]},{\"@type\":\"BreadcrumbList\",\"@id\":\"https:\\\/\\\/fayhotels.com\\\/en\\\/cookies-policy\\\/#breadcrumb\",\"itemListElement\":[{\"@type\":\"ListItem\",\"position\":1,\"name\":\"Portada\",\"item\":\"https:\\\/\\\/fayhotels.com\\\/en\\\/\"},{\"@type\":\"ListItem\",\"position\":2,\"name\":\"Cookies Policy\"}]},{\"@type\":\"WebSite\",\"@id\":\"https:\\\/\\\/fayhotels.com\\\/#website\",\"url\":\"https:\\\/\\\/fayhotels.com\\\/\",\"name\":\"FAY Hotels Group\",\"description\":\"Hoteles en Rinc\u00f3n de la Victoria, M\u00e1laga\",\"publisher\":{\"@id\":\"https:\\\/\\\/fayhotels.com\\\/#organization\"},\"potentialAction\":[{\"@type\":\"SearchAction\",\"target\":{\"@type\":\"EntryPoint\",\"urlTemplate\":\"https:\\\/\\\/fayhotels.com\\\/?s={search_term_string}\"},\"query-input\":{\"@type\":\"PropertyValueSpecification\",\"valueRequired\":true,\"valueName\":\"search_term_string\"}}],\"inLanguage\":\"en-US\"},{\"@type\":\"Organization\",\"@id\":\"https:\\\/\\\/fayhotels.com\\\/#organization\",\"name\":\"FAY Hotels Group\",\"url\":\"https:\\\/\\\/fayhotels.com\\\/\",\"logo\":{\"@type\":\"ImageObject\",\"inLanguage\":\"en-US\",\"@id\":\"https:\\\/\\\/fayhotels.com\\\/#\\\/schema\\\/logo\\\/image\\\/\",\"url\":\"https:\\\/\\\/fayhotels.com\\\/wp-content\\\/uploads\\\/2025\\\/06\\\/LOGO-FAY-BASICO-BLANCO.png\",\"contentUrl\":\"https:\\\/\\\/fayhotels.com\\\/wp-content\\\/uploads\\\/2025\\\/06\\\/LOGO-FAY-BASICO-BLANCO.png\",\"width\":233,\"height\":233,\"caption\":\"FAY Hotels Group\"},\"image\":{\"@id\":\"https:\\\/\\\/fayhotels.com\\\/#\\\/schema\\\/logo\\\/image\\\/\"}}]}<\/script>\n<!-- \/ Yoast SEO plugin. -->","yoast_head_json":{"title":"Cookies Policy - FAY Hotels Group","robots":{"index":"index","follow":"follow","max-snippet":"max-snippet:-1","max-image-preview":"max-image-preview:large","max-video-preview":"max-video-preview:-1"},"canonical":"https:\/\/fayhotels.com\/en\/cookies-policy\/","og_locale":"en_US","og_type":"article","og_title":"Cookies Policy - FAY Hotels Group","og_description":"Cookies Policy Cookies Policy DEFINITION OF COOKIES.A cookie is a file that is downloaded to your computer when you access certain websites. Cookies allow a website, among other things, to store and retrieve information about the browsing habits of a user or his\/her computer and, depending on the information they contain and the way he\/she [&hellip;]","og_url":"https:\/\/fayhotels.com\/en\/cookies-policy\/","og_site_name":"FAY Hotels Group","article_modified_time":"2025-08-26T10:40:51+00:00","twitter_card":"summary_large_image","twitter_misc":{"Est. reading time":"4 minutes"},"schema":{"@context":"https:\/\/schema.org","@graph":[{"@type":"WebPage","@id":"https:\/\/fayhotels.com\/en\/cookies-policy\/","url":"https:\/\/fayhotels.com\/en\/cookies-policy\/","name":"Cookies Policy - FAY Hotels Group","isPartOf":{"@id":"https:\/\/fayhotels.com\/#website"},"datePublished":"2025-08-06T07:33:56+00:00","dateModified":"2025-08-26T10:40:51+00:00","breadcrumb":{"@id":"https:\/\/fayhotels.com\/en\/cookies-policy\/#breadcrumb"},"inLanguage":"en-US","potentialAction":[{"@type":"ReadAction","target":["https:\/\/fayhotels.com\/en\/cookies-policy\/"]}]},{"@type":"BreadcrumbList","@id":"https:\/\/fayhotels.com\/en\/cookies-policy\/#breadcrumb","itemListElement":[{"@type":"ListItem","position":1,"name":"Portada","item":"https:\/\/fayhotels.com\/en\/"},{"@type":"ListItem","position":2,"name":"Cookies Policy"}]},{"@type":"WebSite","@id":"https:\/\/fayhotels.com\/#website","url":"https:\/\/fayhotels.com\/","name":"FAY Hotels Group","description":"Hoteles en Rinc\u00f3n de la Victoria, M\u00e1laga","publisher":{"@id":"https:\/\/fayhotels.com\/#organization"},"potentialAction":[{"@type":"SearchAction","target":{"@type":"EntryPoint","urlTemplate":"https:\/\/fayhotels.com\/?s={search_term_string}"},"query-input":{"@type":"PropertyValueSpecification","valueRequired":true,"valueName":"search_term_string"}}],"inLanguage":"en-US"},{"@type":"Organization","@id":"https:\/\/fayhotels.com\/#organization","name":"FAY Hotels Group","url":"https:\/\/fayhotels.com\/","logo":{"@type":"ImageObject","inLanguage":"en-US","@id":"https:\/\/fayhotels.com\/#\/schema\/logo\/image\/","url":"https:\/\/fayhotels.com\/wp-content\/uploads\/2025\/06\/LOGO-FAY-BASICO-BLANCO.png","contentUrl":"https:\/\/fayhotels.com\/wp-content\/uploads\/2025\/06\/LOGO-FAY-BASICO-BLANCO.png","width":233,"height":233,"caption":"FAY Hotels Group"},"image":{"@id":"https:\/\/fayhotels.com\/#\/schema\/logo\/image\/"}}]}},"_links":{"self":[{"href":"https:\/\/fayhotels.com\/en\/wp-json\/wp\/v2\/pages\/2508","targetHints":{"allow":["GET"]}}],"collection":[{"href":"https:\/\/fayhotels.com\/en\/wp-json\/wp\/v2\/pages"}],"about":[{"href":"https:\/\/fayhotels.com\/en\/wp-json\/wp\/v2\/types\/page"}],"author":[{"embeddable":true,"href":"https:\/\/fayhotels.com\/en\/wp-json\/wp\/v2\/users\/1"}],"replies":[{"embeddable":true,"href":"https:\/\/fayhotels.com\/en\/wp-json\/wp\/v2\/comments?post=2508"}],"version-history":[{"count":10,"href":"https:\/\/fayhotels.com\/en\/wp-json\/wp\/v2\/pages\/2508\/revisions"}],"predecessor-version":[{"id":3196,"href":"https:\/\/fayhotels.com\/en\/wp-json\/wp\/v2\/pages\/2508\/revisions\/3196"}],"wp:attachment":[{"href":"https:\/\/fayhotels.com\/en\/wp-json\/wp\/v2\/media?parent=2508"}],"curies":[{"name":"wp","href":"https:\/\/api.w.org\/{rel}","templated":true}]}}